{"id":232,"date":"2025-02-05T13:47:37","date_gmt":"2025-02-05T13:47:37","guid":{"rendered":"https:\/\/madaparreira.com\/about\/"},"modified":"2025-10-09T13:35:58","modified_gmt":"2025-10-09T13:35:58","slug":"about","status":"publish","type":"page","link":"https:\/\/madaparreira.com\/pt\/about\/","title":{"rendered":"Sobre mim"},"content":{"rendered":"<div data-elementor-type=\"wp-page\" data-elementor-id=\"232\" class=\"elementor elementor-232\" data-elementor-post-type=\"page\">\n\t\t\t\t<div class=\"elementor-element elementor-element-117f4b6f e-flex e-con-boxed e-con e-parent\" data-id=\"117f4b6f\" data-element_type=\"container\" data-e-type=\"container\">\n\t\t\t\t\t<div class=\"e-con-inner\">\n\t\t<div class=\"elementor-element elementor-element-1504adb8 e-con-full e-flex elementor-invisible e-con e-child\" data-id=\"1504adb8\" data-element_type=\"container\" data-e-type=\"container\" data-settings=\"{&quot;background_background&quot;:&quot;classic&quot;,&quot;animation&quot;:&quot;fadeInUp&quot;}\">\n\t\t\t\t<div class=\"elementor-element elementor-element-1f71b083 elementor-widget elementor-widget-heading\" data-id=\"1f71b083\" data-element_type=\"widget\" data-e-type=\"widget\" data-widget_type=\"heading.default\">\n\t\t\t\t<div class=\"elementor-widget-container\">\n\t\t\t\t\t<h1 class=\"elementor-heading-title elementor-size-default\">Sobre mim<\/h1>\t\t\t\t<\/div>\n\t\t\t\t<\/div>\n\t\t\t\t<div class=\"elementor-element elementor-element-11f87050 elementor-widget elementor-widget-text-editor\" data-id=\"11f87050\" data-element_type=\"widget\" data-e-type=\"widget\" data-widget_type=\"text-editor.default\">\n\t\t\t\t<div class=\"elementor-widget-container\">\n\t\t\t\t\t\t\t\t\t<p>Sou uma designer gr\u00e1fica portuguesa. Os meus estudos em Lisboa, Portugal, e em Barcelona, Espanha, ampliaram a minha vis\u00e3o criativa.<\/p><p>Ao longo da minha carreira, tive o privil\u00e9gio de trabalhar com diversas marcas e organiza\u00e7\u00f5es como freelancer, aperfei\u00e7oando continuamente as minhas compet\u00eancias em diferentes projetos.<\/p><p>Tenho entusiasmo em abra\u00e7ar novos desafios e estou entusiasmado por dar vida a ideias inovadoras atrav\u00e9s do design.<\/p>\t\t\t\t\t\t\t\t<\/div>\n\t\t\t\t<\/div>\n\t\t\t\t<div class=\"elementor-element elementor-element-683dee8 elementor-widget elementor-widget-image\" data-id=\"683dee8\" data-element_type=\"widget\" data-e-type=\"widget\" data-widget_type=\"image.default\">\n\t\t\t\t<div class=\"elementor-widget-container\">\n\t\t\t\t\t\t\t\t\t\t\t\t\t\t\t<img fetchpriority=\"high\" decoding=\"async\" width=\"267\" height=\"354\" src=\"https:\/\/madaparreira.com\/wp-content\/uploads\/2025\/02\/Foto-mada-1.webp\" class=\"attachment-large size-large wp-image-653\" alt=\"\" srcset=\"https:\/\/madaparreira.com\/wp-content\/uploads\/2025\/02\/Foto-mada-1.webp 267w, https:\/\/madaparreira.com\/wp-content\/uploads\/2025\/02\/Foto-mada-1-226x300.webp 226w\" sizes=\"(max-width: 267px) 100vw, 267px\" \/>\t\t\t\t\t\t\t\t\t\t\t\t\t\t\t<\/div>\n\t\t\t\t<\/div>\n\t\t\t\t<\/div>\n\t\t\t\t\t<\/div>\n\t\t\t\t<\/div>\n\t\t\t\t<\/div>","protected":false},"excerpt":{"rendered":"<p>About I&#8217;m a Portuguese graphic designer. My studies in Lisbon, Portugal, and Barcelona, Spain, have broadened my creative outlook. Throughout my career, I\u2019ve had the privilege of working with a variety of brands and organizations as a freelancer, constantly refining my skills across different projects. I\u2019m enthusiastic about embracing new challenges and excited to bring [&hellip;]<\/p>","protected":false},"author":1,"featured_media":236,"parent":0,"menu_order":0,"comment_status":"closed","ping_status":"closed","template":"elementor_header_footer","meta":{"om_disable_all_campaigns":false,"_monsterinsights_skip_tracking":false,"_monsterinsights_sitenote_active":false,"_monsterinsights_sitenote_note":"","_monsterinsights_sitenote_category":0,"footnotes":""},"class_list":["post-232","page","type-page","status-publish","has-post-thumbnail","hentry"],"aioseo_notices":[],"_links":{"self":[{"href":"https:\/\/madaparreira.com\/pt\/wp-json\/wp\/v2\/pages\/232","targetHints":{"allow":["GET"]}}],"collection":[{"href":"https:\/\/madaparreira.com\/pt\/wp-json\/wp\/v2\/pages"}],"about":[{"href":"https:\/\/madaparreira.com\/pt\/wp-json\/wp\/v2\/types\/page"}],"author":[{"embeddable":true,"href":"https:\/\/madaparreira.com\/pt\/wp-json\/wp\/v2\/users\/1"}],"replies":[{"embeddable":true,"href":"https:\/\/madaparreira.com\/pt\/wp-json\/wp\/v2\/comments?post=232"}],"version-history":[{"count":0,"href":"https:\/\/madaparreira.com\/pt\/wp-json\/wp\/v2\/pages\/232\/revisions"}],"wp:featuredmedia":[{"embeddable":true,"href":"https:\/\/madaparreira.com\/pt\/wp-json\/wp\/v2\/media\/236"}],"wp:attachment":[{"href":"https:\/\/madaparreira.com\/pt\/wp-json\/wp\/v2\/media?parent=232"}],"curies":[{"name":"wp","href":"https:\/\/api.w.org\/{rel}","templated":true}]}}